{"id":130,"date":"2017-01-08T14:24:07","date_gmt":"2017-01-08T13:24:07","guid":{"rendered":"http:\/\/wp.seeadler-glowe.de\/?page_id=130"},"modified":"2017-01-08T14:24:07","modified_gmt":"2017-01-08T13:24:07","slug":"willkommen","status":"publish","type":"page","link":"http:\/\/wp.seeadler-glowe.de\/","title":{"rendered":"Willkommen"},"content":{"rendered":"<p>..in Glowe im Reethaus Seeadler.<\/p>\n<p>Unser Reethaus liegt nur etwa 400m vom 10Km-langen Sandstrand entfernt. Mit drei Schlafzimmern, zwei B\u00e4dern, Sauna und Kamin bietet es f\u00fcr bis zu 6 Personen die perfekte Unterkunft f\u00fcr Ihren Urlaub.<\/p>\n","protected":false},"excerpt":{"rendered":"<p>..in Glowe im Reethaus Seeadler. Unser Reethaus liegt nur etwa 400m vom 10Km-langen Sandstrand entfernt. Mit drei Schlafzimmern, zwei B\u00e4dern, Sauna und Kamin bietet es f\u00fcr bis zu 6 Personen die perfekte Unterkunft f\u00fcr Ihren Urlaub.<\/p>\n","protected":false},"author":1,"featured_media":0,"parent":0,"menu_order":0,"comment_status":"closed","ping_status":"closed","template":"","meta":{"footnotes":""},"class_list":["post-130","page","type-page","status-publish","hentry"],"_links":{"self":[{"href":"http:\/\/wp.seeadler-glowe.de\/index.php?rest_route=\/wp\/v2\/pages\/130","targetHints":{"allow":["GET"]}}],"collection":[{"href":"http:\/\/wp.seeadler-glowe.de\/index.php?rest_route=\/wp\/v2\/pages"}],"about":[{"href":"http:\/\/wp.seeadler-glowe.de\/index.php?rest_route=\/wp\/v2\/types\/page"}],"author":[{"embeddable":true,"href":"http:\/\/wp.seeadler-glowe.de\/index.php?rest_route=\/wp\/v2\/users\/1"}],"replies":[{"embeddable":true,"href":"http:\/\/wp.seeadler-glowe.de\/index.php?rest_route=%2Fwp%2Fv2%2Fcomments&post=130"}],"version-history":[{"count":0,"href":"http:\/\/wp.seeadler-glowe.de\/index.php?rest_route=\/wp\/v2\/pages\/130\/revisions"}],"wp:attachment":[{"href":"http:\/\/wp.seeadler-glowe.de\/index.php?rest_route=%2Fwp%2Fv2%2Fmedia&parent=130"}],"curies":[{"name":"wp","href":"https:\/\/api.w.org\/{rel}","templated":true}]}}